{"id":3939,"date":"2025-06-05T12:00:37","date_gmt":"2025-06-05T10:00:37","guid":{"rendered":"https:\/\/fernando-iezzi.com\/?page_id=3939"},"modified":"2025-06-14T22:37:58","modified_gmt":"2025-06-14T20:37:58","slug":"blog","status":"publish","type":"page","link":"https:\/\/fernando-iezzi.com\/en\/blog\/","title":{"rendered":"Blog"},"content":{"rendered":"<div data-elementor-type=\"wp-page\" data-elementor-id=\"3939\" class=\"elementor elementor-3939\">\n\t\t\t\t<div class=\"elementor-element elementor-element-f036c62 e-flex e-con-boxed e-con e-parent\" data-id=\"f036c62\" data-element_type=\"container\" data-e-type=\"container\">\n\t\t\t\t\t<div class=\"e-con-inner\">\n\t\t\t\t<div class=\"elementor-element elementor-element-d0f6d1f elementor-widget elementor-widget-heading\" data-id=\"d0f6d1f\" data-element_type=\"widget\" data-e-type=\"widget\" data-widget_type=\"heading.default\">\n\t\t\t\t<div class=\"elementor-widget-container\">\n\t\t\t\t\t<h1 class=\"elementor-heading-title elementor-size-default\">Blog<\/h1>\t\t\t\t<\/div>\n\t\t\t\t<\/div>\n\t\t\t\t\t<\/div>\n\t\t\t\t<\/div>\n\t\t<div class=\"elementor-element elementor-element-3fe5133 e-con-full e-flex e-con e-parent\" data-id=\"3fe5133\" data-element_type=\"container\" data-e-type=\"container\">\n\t\t\t\t<div class=\"elementor-element elementor-element-8bf3110 premium-blog-align-left elementor-widget elementor-widget-premium-addon-blog\" data-id=\"8bf3110\" data-element_type=\"widget\" data-e-type=\"widget\" data-settings=\"{&quot;premium_blog_infinite_scroll&quot;:&quot;yes&quot;,&quot;premium_blog_columns_number&quot;:&quot;100%&quot;,&quot;premium_blog_grid&quot;:&quot;yes&quot;,&quot;premium_blog_layout&quot;:&quot;even&quot;,&quot;premium_blog_columns_number_tablet&quot;:&quot;50%&quot;,&quot;premium_blog_columns_number_mobile&quot;:&quot;100%&quot;}\" data-widget_type=\"premium-addon-blog.default\">\n\t\t\t\t<div class=\"elementor-widget-container\">\n\t\t\t\t\t\n\t\t\n\n\t\t\t\t<div class=\"premium-blog-wrap  premium-blog-even\" data-page=\"3939\">\n\t\t\t\t\t\t\t\t\t<div class=\"premium-blog-post-outer-container\" data-total=\"1\">\n\t\t\t<div class=\"premium-blog-post-container premium-blog-skin-side\">\n\t\t\t\t\t\t\t\t\t<div class=\"premium-blog-thumb-effect-wrapper\">\n\t\t\t\t\t\t<div class=\"premium-blog-thumbnail-container premium-blog-zoomin-effect\">\n\t\t\t\t\t\t\t<img fetchpriority=\"high\" decoding=\"async\" width=\"2560\" height=\"1878\" src=\"https:\/\/fernando-iezzi.com\/wp-content\/uploads\/2025\/10\/aaa55-scaled.jpg\" class=\"attachment-full size-full wp-image-5093\" alt=\"\" srcset=\"https:\/\/fernando-iezzi.com\/wp-content\/uploads\/2025\/10\/aaa55-scaled.jpg 2560w, https:\/\/fernando-iezzi.com\/wp-content\/uploads\/2025\/10\/aaa55-300x220.jpg 300w, https:\/\/fernando-iezzi.com\/wp-content\/uploads\/2025\/10\/aaa55-1024x751.jpg 1024w, https:\/\/fernando-iezzi.com\/wp-content\/uploads\/2025\/10\/aaa55-768x564.jpg 768w, https:\/\/fernando-iezzi.com\/wp-content\/uploads\/2025\/10\/aaa55-1536x1127.jpg 1536w, https:\/\/fernando-iezzi.com\/wp-content\/uploads\/2025\/10\/aaa55-2048x1503.jpg 2048w, https:\/\/fernando-iezzi.com\/wp-content\/uploads\/2025\/10\/aaa55-16x12.jpg 16w\" sizes=\"(max-width: 2560px) 100vw, 2560px\" \/>\t\t\t\t\t\t<\/div>\n\t\t\t\t\t\t\t\t\t\t\t\t\t<div class=\"premium-blog-thumbnail-overlay\">\n\t\t\t\t\t\t\t\t<a class=\"elementor-icon\" href=\"https:\/\/fernando-iezzi.com\/en\/aquarellemusique\/\" target=\"_self\"><\/a>\n\t\t\t\t\t\t\t<\/div>\n\n\t\t\t\t\t\t\t\t\t\t\t\t\t\t\t\t\t\t<\/div>\n\t\t\t\t\t\t\t\t\t\t\t\t<div class=\"premium-blog-content-wrapper\">\n\n\t\t\t\t\t<div class=\"premium-blog-inner-container\">\n\n\t\t\t\t\t\t\t\t\t\t\t\t\t\t<h3 class=\"premium-blog-entry-title\">\n\t\t\t<a href=\"https:\/\/fernando-iezzi.com\/en\/aquarellemusique\/\" target=\"_self\">\n\t\t\t\tAquarelles musicales\t\t\t<\/a>\n\t\t<\/h3>\n\t\t\t\t<div class=\"premium-blog-entry-meta\">\n\t\t\t\n\t\t\t\t\t\t\t<span class=\"premium-blog-meta-separator\">\u2022<\/span>\n\t\t\t\t<div class=\"premium-blog-post-time premium-blog-meta-data\">\n\t\t\t\t\t<i class=\"fa fa-calendar-alt\" aria-hidden=\"true\"><\/i>\n\t\t\t\t\t<span>30\/10\/2025<\/span>\n\t\t\t\t<\/div>\n\t\t\t\n\t\t\t\n\t\t\t\t\t<\/div>\n\t\t\n\t\t\t\t\t<\/div>\n\n\t\t\t\t\t\t\t<div class=\"premium-blog-content-inner-wrapper\">\n\t\t<p class=\"premium-blog-post-content\">&nbsp; Aquarelles musicales Ma nouvelle s\u00e9rie d\u2019aquarelles explore un territoire qui m\u2019est cher : celui o\u00f9 la cr\u00e9ation visuelle rencontre la musique, \u2026<\/p>\t\t<\/div>\n\t\t\t\t\t\t\t\n\t\t\t\t<\/div>\n\t\t\t<\/div>\n\t\t<\/div>\n\n\t\t\t\t<div class=\"premium-blog-post-outer-container\" data-total=\"1\">\n\t\t\t<div class=\"premium-blog-post-container premium-blog-skin-side\">\n\t\t\t\t\t\t\t\t\t<div class=\"premium-blog-thumb-effect-wrapper\">\n\t\t\t\t\t\t<div class=\"premium-blog-thumbnail-container premium-blog-zoomin-effect\">\n\t\t\t\t\t\t\t<img decoding=\"async\" width=\"1024\" height=\"1024\" src=\"https:\/\/fernando-iezzi.com\/wp-content\/uploads\/2025\/08\/Mosaique-1.webp\" class=\"attachment-full size-full wp-image-5071\" alt=\"\" srcset=\"https:\/\/fernando-iezzi.com\/wp-content\/uploads\/2025\/08\/Mosaique-1.webp 1024w, https:\/\/fernando-iezzi.com\/wp-content\/uploads\/2025\/08\/Mosaique-1-300x300.webp 300w, https:\/\/fernando-iezzi.com\/wp-content\/uploads\/2025\/08\/Mosaique-1-150x150.webp 150w, https:\/\/fernando-iezzi.com\/wp-content\/uploads\/2025\/08\/Mosaique-1-768x768.webp 768w, https:\/\/fernando-iezzi.com\/wp-content\/uploads\/2025\/08\/Mosaique-1-12x12.webp 12w\" sizes=\"(max-width: 1024px) 100vw, 1024px\" \/>\t\t\t\t\t\t<\/div>\n\t\t\t\t\t\t\t\t\t\t\t\t\t<div class=\"premium-blog-thumbnail-overlay\">\n\t\t\t\t\t\t\t\t<a class=\"elementor-icon\" href=\"https:\/\/fernando-iezzi.com\/en\/croquis-anges\/\" target=\"_self\"><\/a>\n\t\t\t\t\t\t\t<\/div>\n\n\t\t\t\t\t\t\t\t\t\t\t\t\t\t\t\t\t\t<\/div>\n\t\t\t\t\t\t\t\t\t\t\t\t<div class=\"premium-blog-content-wrapper\">\n\n\t\t\t\t\t<div class=\"premium-blog-inner-container\">\n\n\t\t\t\t\t\t\t\t\t\t\t\t\t\t<h3 class=\"premium-blog-entry-title\">\n\t\t\t<a href=\"https:\/\/fernando-iezzi.com\/en\/croquis-anges\/\" target=\"_self\">\n\t\t\t\tCroquis &#8211; Anges\t\t\t<\/a>\n\t\t<\/h3>\n\t\t\t\t<div class=\"premium-blog-entry-meta\">\n\t\t\t\n\t\t\t\t\t\t\t<span class=\"premium-blog-meta-separator\">\u2022<\/span>\n\t\t\t\t<div class=\"premium-blog-post-time premium-blog-meta-data\">\n\t\t\t\t\t<i class=\"fa fa-calendar-alt\" aria-hidden=\"true\"><\/i>\n\t\t\t\t\t<span>02\/08\/2025<\/span>\n\t\t\t\t<\/div>\n\t\t\t\n\t\t\t\n\t\t\t\t\t<\/div>\n\t\t\n\t\t\t\t\t<\/div>\n\n\t\t\t\t\t\t\t<div class=\"premium-blog-content-inner-wrapper\">\n\t\t<p class=\"premium-blog-post-content\">&nbsp; L\u2019art en spirale Quand l\u2019\u00e9lan cr\u00e9atif semble s\u2019\u00e9teindre, il suffit parfois de revenir \u00e0 ses propres racines. Une ancienne s\u00e9rie, une \u2026<\/p>\t\t<\/div>\n\t\t\t\t\t\t\t\n\t\t\t\t<\/div>\n\t\t\t<\/div>\n\t\t<\/div>\n\n\t\t\t\t<div class=\"premium-blog-post-outer-container\" data-total=\"1\">\n\t\t\t<div class=\"premium-blog-post-container premium-blog-skin-side\">\n\t\t\t\t\t\t\t\t\t<div class=\"premium-blog-thumb-effect-wrapper\">\n\t\t\t\t\t\t<div class=\"premium-blog-thumbnail-container premium-blog-zoomin-effect\">\n\t\t\t\t\t\t\t<img decoding=\"async\" width=\"1024\" height=\"576\" src=\"https:\/\/fernando-iezzi.com\/wp-content\/uploads\/2025\/06\/Pingouin-10-4.webp\" class=\"attachment-full size-full wp-image-4889\" alt=\"\" srcset=\"https:\/\/fernando-iezzi.com\/wp-content\/uploads\/2025\/06\/Pingouin-10-4.webp 1024w, https:\/\/fernando-iezzi.com\/wp-content\/uploads\/2025\/06\/Pingouin-10-4-300x169.webp 300w, https:\/\/fernando-iezzi.com\/wp-content\/uploads\/2025\/06\/Pingouin-10-4-768x432.webp 768w, https:\/\/fernando-iezzi.com\/wp-content\/uploads\/2025\/06\/Pingouin-10-4-18x10.webp 18w\" sizes=\"(max-width: 1024px) 100vw, 1024px\" \/>\t\t\t\t\t\t<\/div>\n\t\t\t\t\t\t\t\t\t\t\t\t\t<div class=\"premium-blog-thumbnail-overlay\">\n\t\t\t\t\t\t\t\t<a class=\"elementor-icon\" href=\"https:\/\/fernando-iezzi.com\/en\/le-pingouin-ambassadeur\/\" target=\"_self\"><\/a>\n\t\t\t\t\t\t\t<\/div>\n\n\t\t\t\t\t\t\t\t\t\t\t\t\t\t\t\t\t\t<\/div>\n\t\t\t\t\t\t\t\t\t\t\t\t<div class=\"premium-blog-content-wrapper\">\n\n\t\t\t\t\t<div class=\"premium-blog-inner-container\">\n\n\t\t\t\t\t\t\t\t\t\t\t\t\t\t<h3 class=\"premium-blog-entry-title\">\n\t\t\t<a href=\"https:\/\/fernando-iezzi.com\/en\/le-pingouin-ambassadeur\/\" target=\"_self\">\n\t\t\t\tLe pingouin ambassadeur\t\t\t<\/a>\n\t\t<\/h3>\n\t\t\t\t<div class=\"premium-blog-entry-meta\">\n\t\t\t\n\t\t\t\t\t\t\t<span class=\"premium-blog-meta-separator\">\u2022<\/span>\n\t\t\t\t<div class=\"premium-blog-post-time premium-blog-meta-data\">\n\t\t\t\t\t<i class=\"fa fa-calendar-alt\" aria-hidden=\"true\"><\/i>\n\t\t\t\t\t<span>11\/06\/2025<\/span>\n\t\t\t\t<\/div>\n\t\t\t\n\t\t\t\n\t\t\t\t\t<\/div>\n\t\t\n\t\t\t\t\t<\/div>\n\n\t\t\t\t\t\t\t<div class=\"premium-blog-content-inner-wrapper\">\n\t\t<p class=\"premium-blog-post-content\">Le pingouin ambassadeur Les pingouins sont une histoire r\u00e9cente. Une synth\u00e8se entre prise de conscience et folie destructrice Ce personnage, le pingouin \u2026<\/p>\t\t<\/div>\n\t\t\t\t\t\t\t\n\t\t\t\t<\/div>\n\t\t\t<\/div>\n\t\t<\/div>\n\n\t\t\t\t<div class=\"premium-blog-post-outer-container\" data-total=\"1\">\n\t\t\t<div class=\"premium-blog-post-container premium-blog-skin-side\">\n\t\t\t\t\t\t\t\t\t<div class=\"premium-blog-thumb-effect-wrapper\">\n\t\t\t\t\t\t<div class=\"premium-blog-thumbnail-container premium-blog-zoomin-effect\">\n\t\t\t\t\t\t\t<img loading=\"lazy\" decoding=\"async\" width=\"1172\" height=\"966\" src=\"https:\/\/fernando-iezzi.com\/wp-content\/uploads\/2025\/06\/Oiseau13-MU30-H-Vert.webp\" class=\"attachment-full size-full wp-image-4517\" alt=\"\" srcset=\"https:\/\/fernando-iezzi.com\/wp-content\/uploads\/2025\/06\/Oiseau13-MU30-H-Vert.webp 1172w, https:\/\/fernando-iezzi.com\/wp-content\/uploads\/2025\/06\/Oiseau13-MU30-H-Vert-300x247.webp 300w, https:\/\/fernando-iezzi.com\/wp-content\/uploads\/2025\/06\/Oiseau13-MU30-H-Vert-1024x844.webp 1024w, https:\/\/fernando-iezzi.com\/wp-content\/uploads\/2025\/06\/Oiseau13-MU30-H-Vert-768x633.webp 768w, https:\/\/fernando-iezzi.com\/wp-content\/uploads\/2025\/06\/Oiseau13-MU30-H-Vert-15x12.webp 15w\" sizes=\"(max-width: 1172px) 100vw, 1172px\" \/>\t\t\t\t\t\t<\/div>\n\t\t\t\t\t\t\t\t\t\t\t\t\t<div class=\"premium-blog-thumbnail-overlay\">\n\t\t\t\t\t\t\t\t<a class=\"elementor-icon\" href=\"https:\/\/fernando-iezzi.com\/en\/blog-10\/\" target=\"_self\"><\/a>\n\t\t\t\t\t\t\t<\/div>\n\n\t\t\t\t\t\t\t\t\t\t\t\t\t\t\t\t\t\t<\/div>\n\t\t\t\t\t\t\t\t\t\t\t\t<div class=\"premium-blog-content-wrapper\">\n\n\t\t\t\t\t<div class=\"premium-blog-inner-container\">\n\n\t\t\t\t\t\t\t\t\t\t\t\t\t\t<h3 class=\"premium-blog-entry-title\">\n\t\t\t<a href=\"https:\/\/fernando-iezzi.com\/en\/blog-10\/\" target=\"_self\">\n\t\t\t\tLes oiseaux serpents\t\t\t<\/a>\n\t\t<\/h3>\n\t\t\t\t<div class=\"premium-blog-entry-meta\">\n\t\t\t\n\t\t\t\t\t\t\t<span class=\"premium-blog-meta-separator\">\u2022<\/span>\n\t\t\t\t<div class=\"premium-blog-post-time premium-blog-meta-data\">\n\t\t\t\t\t<i class=\"fa fa-calendar-alt\" aria-hidden=\"true\"><\/i>\n\t\t\t\t\t<span>05\/06\/2025<\/span>\n\t\t\t\t<\/div>\n\t\t\t\n\t\t\t\n\t\t\t\t\t<\/div>\n\t\t\n\t\t\t\t\t<\/div>\n\n\t\t\t\t\t\t\t<div class=\"premium-blog-content-inner-wrapper\">\n\t\t<p class=\"premium-blog-post-content\">&nbsp; La cr\u00e9ation des oiseaux serpents Au c\u0153ur du Mexique \u00e0 Oaxaca, j\u2019ai \u00e9t\u00e9 fascin\u00e9 par les Alebrijes entre plumes de bois \u2026<\/p>\t\t<\/div>\n\t\t\t\t\t\t\t\n\t\t\t\t<\/div>\n\t\t\t<\/div>\n\t\t<\/div>\n\n\t\t\t\t\t\t\t<\/div>\n\n\t\t\n\t\t\n\t\t\t\t\t\t<\/div>\n\t\t\t\t<\/div>\n\t\t\t\t<\/div>\n\t\t\t\t<\/div>","protected":false},"excerpt":{"rendered":"<p>Blog Le pingouin ambassadeur \u2022 11\/06\/2025 Le pingouin ambassadeur Les pingouins sont une histoire r\u00e9cente. Une synth\u00e8se entre prise de conscience et folie destructrice Ce personnage, le pingouin \u2026 Blog &#8211; Les oiseaux serpents \u2022 05\/06\/2025 &nbsp; La cr\u00e9ation des oiseaux serpents Au c\u0153ur du Mexique \u00e0 Oaxaca, j\u2019ai \u00e9t\u00e9 fascin\u00e9 par les Alebrijes entre [&hellip;]<\/p>\n","protected":false},"author":1,"featured_media":0,"parent":0,"menu_order":0,"comment_status":"closed","ping_status":"closed","template":"","meta":{"footnotes":""},"class_list":["post-3939","page","type-page","status-publish","hentry"],"_links":{"self":[{"href":"https:\/\/fernando-iezzi.com\/en\/wp-json\/wp\/v2\/pages\/3939","targetHints":{"allow":["GET"]}}],"collection":[{"href":"https:\/\/fernando-iezzi.com\/en\/wp-json\/wp\/v2\/pages"}],"about":[{"href":"https:\/\/fernando-iezzi.com\/en\/wp-json\/wp\/v2\/types\/page"}],"author":[{"embeddable":true,"href":"https:\/\/fernando-iezzi.com\/en\/wp-json\/wp\/v2\/users\/1"}],"replies":[{"embeddable":true,"href":"https:\/\/fernando-iezzi.com\/en\/wp-json\/wp\/v2\/comments?post=3939"}],"version-history":[{"count":16,"href":"https:\/\/fernando-iezzi.com\/en\/wp-json\/wp\/v2\/pages\/3939\/revisions"}],"predecessor-version":[{"id":4951,"href":"https:\/\/fernando-iezzi.com\/en\/wp-json\/wp\/v2\/pages\/3939\/revisions\/4951"}],"wp:attachment":[{"href":"https:\/\/fernando-iezzi.com\/en\/wp-json\/wp\/v2\/media?parent=3939"}],"curies":[{"name":"wp","href":"https:\/\/api.w.org\/{rel}","templated":true}]}}