{"id":3937,"date":"2025-04-23T12:15:28","date_gmt":"2025-04-23T10:15:28","guid":{"rendered":"https:\/\/fernando-iezzi.com\/?page_id=3937"},"modified":"2025-06-11T09:23:47","modified_gmt":"2025-06-11T07:23:47","slug":"grands-formats","status":"publish","type":"page","link":"https:\/\/fernando-iezzi.com\/en\/grands-formats\/","title":{"rendered":"Grands formats"},"content":{"rendered":"<div data-elementor-type=\"wp-page\" data-elementor-id=\"3937\" class=\"elementor elementor-3937\">\n\t\t\t\t<div class=\"elementor-element elementor-element-0e79aab e-flex e-con-boxed e-con e-parent\" data-id=\"0e79aab\" data-element_type=\"container\" data-e-type=\"container\">\n\t\t\t\t\t<div class=\"e-con-inner\">\n\t\t\t\t<div class=\"elementor-element elementor-element-5d18b43 elementor-widget elementor-widget-heading\" data-id=\"5d18b43\" data-element_type=\"widget\" data-e-type=\"widget\" data-widget_type=\"heading.default\">\n\t\t\t\t<div class=\"elementor-widget-container\">\n\t\t\t\t\t<h1 class=\"elementor-heading-title elementor-size-default\">Morphovision : grands formats<\/h1>\t\t\t\t<\/div>\n\t\t\t\t<\/div>\n\t\t\t\t\t<\/div>\n\t\t\t\t<\/div>\n\t\t<div class=\"elementor-element elementor-element-991c752 e-con-full e-flex e-con e-parent\" data-id=\"991c752\" data-element_type=\"container\" data-e-type=\"container\">\n\t\t\t\t<div class=\"elementor-element elementor-element-ffa8fa8 premium-blog-align-left elementor-widget elementor-widget-premium-addon-blog\" data-id=\"ffa8fa8\" data-element_type=\"widget\" data-e-type=\"widget\" data-settings=\"{&quot;premium_blog_columns_number&quot;:&quot;33.33%&quot;,&quot;premium_blog_infinite_scroll&quot;:&quot;yes&quot;,&quot;filter_flag&quot;:&quot;cat&quot;,&quot;premium_blog_grid&quot;:&quot;yes&quot;,&quot;premium_blog_layout&quot;:&quot;even&quot;,&quot;premium_blog_columns_number_tablet&quot;:&quot;50%&quot;,&quot;premium_blog_columns_number_mobile&quot;:&quot;100%&quot;,&quot;scroll_to_offset&quot;:&quot;yes&quot;}\" data-widget_type=\"premium-addon-blog.default\">\n\t\t\t\t<div class=\"elementor-widget-container\">\n\t\t\t\t\t\n\t\t\t\t\t\t\t<div class=\"premium-blog-filter\">\n\t\t\t<ul class=\"premium-blog-filters-container\">\n\t\t\t\t\t\t\t\t\t<li>\n\t\t\t\t\t\t<a href=\"javascript:;\" class=\"category active\" data-filter=\"*\">\n\t\t\t\t\t\t\tTous\t\t\t\t\t\t<\/a>\n\t\t\t\t\t<\/li>\n\t\t\t\t\t\t\t\t\t\t\t\t\t\t<li>\n\t\t\t\t\t\t\t<a href=\"javascript:;\" class=\"category\" data-filter=\"hurba\">\n\t\t\t\t\t\t\t\tHurba\t\t\t\t\t\t\t<\/a>\n\t\t\t\t\t\t<\/li>\n\t\t\t\t\t\t\t\t\t\t<li>\n\t\t\t\t\t\t\t<a href=\"javascript:;\" class=\"category\" data-filter=\"invitraux\">\n\t\t\t\t\t\t\t\tInvitraux\t\t\t\t\t\t\t<\/a>\n\t\t\t\t\t\t<\/li>\n\t\t\t\t\t\t\t\t\t\t<li>\n\t\t\t\t\t\t\t<a href=\"javascript:;\" class=\"category\" data-filter=\"jazz\">\n\t\t\t\t\t\t\t\tJazz\t\t\t\t\t\t\t<\/a>\n\t\t\t\t\t\t<\/li>\n\t\t\t\t\t\t\t\t\t\t<li>\n\t\t\t\t\t\t\t<a href=\"javascript:;\" class=\"category\" data-filter=\"serie-1\">\n\t\t\t\t\t\t\t\tSerie 1\t\t\t\t\t\t\t<\/a>\n\t\t\t\t\t\t<\/li>\n\t\t\t\t\t\t\t<\/ul>\n\t\t<\/div>\n\t\t\t\t\n\n\t\t\t\t<div class=\"premium-blog-wrap  premium-blog-even\" data-page=\"3937\">\n\t\t\t\t\t\t\t\t\t<div class=\"premium-blog-post-outer-container serie-1\" data-total=\"2\">\n\t\t\t<div class=\"premium-blog-post-container premium-blog-skin-classic\">\n\t\t\t\t\t\t\t\t\t<div class=\"premium-blog-thumb-effect-wrapper\">\n\t\t\t\t\t\t<div class=\"premium-blog-thumbnail-container premium-blog-zoomin-effect\">\n\t\t\t\t\t\t\t<img fetchpriority=\"high\" decoding=\"async\" width=\"1395\" height=\"1395\" src=\"https:\/\/fernando-iezzi.com\/wp-content\/uploads\/2025\/05\/Serie1-1-MU30.webp\" class=\"attachment-full size-full wp-image-4085\" alt=\"\" srcset=\"https:\/\/fernando-iezzi.com\/wp-content\/uploads\/2025\/05\/Serie1-1-MU30.webp 1395w, https:\/\/fernando-iezzi.com\/wp-content\/uploads\/2025\/05\/Serie1-1-MU30-300x300.webp 300w, https:\/\/fernando-iezzi.com\/wp-content\/uploads\/2025\/05\/Serie1-1-MU30-1024x1024.webp 1024w, https:\/\/fernando-iezzi.com\/wp-content\/uploads\/2025\/05\/Serie1-1-MU30-150x150.webp 150w, https:\/\/fernando-iezzi.com\/wp-content\/uploads\/2025\/05\/Serie1-1-MU30-768x768.webp 768w, https:\/\/fernando-iezzi.com\/wp-content\/uploads\/2025\/05\/Serie1-1-MU30-12x12.webp 12w\" sizes=\"(max-width: 1395px) 100vw, 1395px\" \/>\t\t\t\t\t\t<\/div>\n\t\t\t\t\t\t\t\t\t\t\t\t\t<div class=\"premium-blog-thumbnail-overlay\">\n\t\t\t\t\t\t\t\t<a class=\"elementor-icon\" href=\"https:\/\/fernando-iezzi.com\/en\/serie1-1\/\" target=\"_self\"><\/a>\n\t\t\t\t\t\t\t<\/div>\n\n\t\t\t\t\t\t\t\t\t\t\t\t\t\t\t\t\t\t<\/div>\n\t\t\t\t\t\t\t\t\t\t\t\t<div class=\"premium-blog-content-wrapper\">\n\n\t\t\t\t\t<div class=\"premium-blog-inner-container\">\n\n\t\t\t\t\t\t\t\t\t\t\t\t\t\t<h3 class=\"premium-blog-entry-title\">\n\t\t\t<a href=\"https:\/\/fernando-iezzi.com\/en\/serie1-1\/\" target=\"_self\">\n\t\t\t\tGen\u00e8se : Big Bang\t\t\t<\/a>\n\t\t<\/h3>\n\t\t\t\t<div class=\"premium-blog-entry-meta\">\n\t\t\t\n\t\t\t\n\t\t\t\n\t\t\t\t\t<\/div>\n\t\t\n\t\t\t\t\t<\/div>\n\n\t\t\t\t\t\t\t\t\t\t\n\t\t\t\t<\/div>\n\t\t\t<\/div>\n\t\t<\/div>\n\n\t\t\t\t<div class=\"premium-blog-post-outer-container serie-1\" data-total=\"2\">\n\t\t\t<div class=\"premium-blog-post-container premium-blog-skin-classic\">\n\t\t\t\t\t\t\t\t\t<div class=\"premium-blog-thumb-effect-wrapper\">\n\t\t\t\t\t\t<div class=\"premium-blog-thumbnail-container premium-blog-zoomin-effect\">\n\t\t\t\t\t\t\t<img decoding=\"async\" width=\"1024\" height=\"1024\" src=\"https:\/\/fernando-iezzi.com\/wp-content\/uploads\/2025\/06\/Serie1-2-MU25.webp\" class=\"attachment-full size-full wp-image-4632\" alt=\"\" srcset=\"https:\/\/fernando-iezzi.com\/wp-content\/uploads\/2025\/06\/Serie1-2-MU25.webp 1024w, https:\/\/fernando-iezzi.com\/wp-content\/uploads\/2025\/06\/Serie1-2-MU25-300x300.webp 300w, https:\/\/fernando-iezzi.com\/wp-content\/uploads\/2025\/06\/Serie1-2-MU25-150x150.webp 150w, https:\/\/fernando-iezzi.com\/wp-content\/uploads\/2025\/06\/Serie1-2-MU25-768x768.webp 768w, https:\/\/fernando-iezzi.com\/wp-content\/uploads\/2025\/06\/Serie1-2-MU25-12x12.webp 12w\" sizes=\"(max-width: 1024px) 100vw, 1024px\" \/>\t\t\t\t\t\t<\/div>\n\t\t\t\t\t\t\t\t\t\t\t\t\t<div class=\"premium-blog-thumbnail-overlay\">\n\t\t\t\t\t\t\t\t<a class=\"elementor-icon\" href=\"https:\/\/fernando-iezzi.com\/en\/serie1-2\/\" target=\"_self\"><\/a>\n\t\t\t\t\t\t\t<\/div>\n\n\t\t\t\t\t\t\t\t\t\t\t\t\t\t\t\t\t\t<\/div>\n\t\t\t\t\t\t\t\t\t\t\t\t<div class=\"premium-blog-content-wrapper\">\n\n\t\t\t\t\t<div class=\"premium-blog-inner-container\">\n\n\t\t\t\t\t\t\t\t\t\t\t\t\t\t<h3 class=\"premium-blog-entry-title\">\n\t\t\t<a href=\"https:\/\/fernando-iezzi.com\/en\/serie1-2\/\" target=\"_self\">\n\t\t\t\tGen\u00e8se : Le KO\t\t\t<\/a>\n\t\t<\/h3>\n\t\t\t\t<div class=\"premium-blog-entry-meta\">\n\t\t\t\n\t\t\t\n\t\t\t\n\t\t\t\t\t<\/div>\n\t\t\n\t\t\t\t\t<\/div>\n\n\t\t\t\t\t\t\t\t\t\t\n\t\t\t\t<\/div>\n\t\t\t<\/div>\n\t\t<\/div>\n\n\t\t\t\t<div class=\"premium-blog-post-outer-container serie-1\" data-total=\"2\">\n\t\t\t<div class=\"premium-blog-post-container premium-blog-skin-classic\">\n\t\t\t\t\t\t\t\t\t<div class=\"premium-blog-thumb-effect-wrapper\">\n\t\t\t\t\t\t<div class=\"premium-blog-thumbnail-container premium-blog-zoomin-effect\">\n\t\t\t\t\t\t\t<img decoding=\"async\" width=\"1024\" height=\"1024\" src=\"https:\/\/fernando-iezzi.com\/wp-content\/uploads\/2025\/06\/Serie1-4-MU11.webp\" class=\"attachment-full size-full wp-image-4635\" alt=\"\" srcset=\"https:\/\/fernando-iezzi.com\/wp-content\/uploads\/2025\/06\/Serie1-4-MU11.webp 1024w, https:\/\/fernando-iezzi.com\/wp-content\/uploads\/2025\/06\/Serie1-4-MU11-300x300.webp 300w, https:\/\/fernando-iezzi.com\/wp-content\/uploads\/2025\/06\/Serie1-4-MU11-150x150.webp 150w, https:\/\/fernando-iezzi.com\/wp-content\/uploads\/2025\/06\/Serie1-4-MU11-768x768.webp 768w, https:\/\/fernando-iezzi.com\/wp-content\/uploads\/2025\/06\/Serie1-4-MU11-12x12.webp 12w\" sizes=\"(max-width: 1024px) 100vw, 1024px\" \/>\t\t\t\t\t\t<\/div>\n\t\t\t\t\t\t\t\t\t\t\t\t\t<div class=\"premium-blog-thumbnail-overlay\">\n\t\t\t\t\t\t\t\t<a class=\"elementor-icon\" href=\"https:\/\/fernando-iezzi.com\/en\/serie1-3\/\" target=\"_self\"><\/a>\n\t\t\t\t\t\t\t<\/div>\n\n\t\t\t\t\t\t\t\t\t\t\t\t\t\t\t\t\t\t<\/div>\n\t\t\t\t\t\t\t\t\t\t\t\t<div class=\"premium-blog-content-wrapper\">\n\n\t\t\t\t\t<div class=\"premium-blog-inner-container\">\n\n\t\t\t\t\t\t\t\t\t\t\t\t\t\t<h3 class=\"premium-blog-entry-title\">\n\t\t\t<a href=\"https:\/\/fernando-iezzi.com\/en\/serie1-3\/\" target=\"_self\">\n\t\t\t\tGen\u00e8se &#8211; Statu Quo\t\t\t<\/a>\n\t\t<\/h3>\n\t\t\t\t<div class=\"premium-blog-entry-meta\">\n\t\t\t\n\t\t\t\n\t\t\t\n\t\t\t\t\t<\/div>\n\t\t\n\t\t\t\t\t<\/div>\n\n\t\t\t\t\t\t\t\t\t\t\n\t\t\t\t<\/div>\n\t\t\t<\/div>\n\t\t<\/div>\n\n\t\t\t\t<div class=\"premium-blog-post-outer-container jazz\" data-total=\"2\">\n\t\t\t<div class=\"premium-blog-post-container premium-blog-skin-classic\">\n\t\t\t\t\t\t\t\t\t<div class=\"premium-blog-thumb-effect-wrapper\">\n\t\t\t\t\t\t<div class=\"premium-blog-thumbnail-container premium-blog-zoomin-effect\">\n\t\t\t\t\t\t\t<img loading=\"lazy\" decoding=\"async\" width=\"1024\" height=\"1024\" src=\"https:\/\/fernando-iezzi.com\/wp-content\/uploads\/2025\/05\/Jazz4-MU53.webp\" class=\"attachment-full size-full wp-image-4204\" alt=\"\" srcset=\"https:\/\/fernando-iezzi.com\/wp-content\/uploads\/2025\/05\/Jazz4-MU53.webp 1024w, https:\/\/fernando-iezzi.com\/wp-content\/uploads\/2025\/05\/Jazz4-MU53-300x300.webp 300w, https:\/\/fernando-iezzi.com\/wp-content\/uploads\/2025\/05\/Jazz4-MU53-150x150.webp 150w, https:\/\/fernando-iezzi.com\/wp-content\/uploads\/2025\/05\/Jazz4-MU53-768x768.webp 768w, https:\/\/fernando-iezzi.com\/wp-content\/uploads\/2025\/05\/Jazz4-MU53-12x12.webp 12w\" sizes=\"(max-width: 1024px) 100vw, 1024px\" \/>\t\t\t\t\t\t<\/div>\n\t\t\t\t\t\t\t\t\t\t\t\t\t<div class=\"premium-blog-thumbnail-overlay\">\n\t\t\t\t\t\t\t\t<a class=\"elementor-icon\" href=\"https:\/\/fernando-iezzi.com\/en\/jazz4\/\" target=\"_self\"><\/a>\n\t\t\t\t\t\t\t<\/div>\n\n\t\t\t\t\t\t\t\t\t\t\t\t\t\t\t\t\t\t<\/div>\n\t\t\t\t\t\t\t\t\t\t\t\t<div class=\"premium-blog-content-wrapper\">\n\n\t\t\t\t\t<div class=\"premium-blog-inner-container\">\n\n\t\t\t\t\t\t\t\t\t\t\t\t\t\t<h3 class=\"premium-blog-entry-title\">\n\t\t\t<a href=\"https:\/\/fernando-iezzi.com\/en\/jazz4\/\" target=\"_self\">\n\t\t\t\tJazz &#8211; Batterie\t\t\t<\/a>\n\t\t<\/h3>\n\t\t\t\t<div class=\"premium-blog-entry-meta\">\n\t\t\t\n\t\t\t\n\t\t\t\n\t\t\t\t\t<\/div>\n\t\t\n\t\t\t\t\t<\/div>\n\n\t\t\t\t\t\t\t\t\t\t\n\t\t\t\t<\/div>\n\t\t\t<\/div>\n\t\t<\/div>\n\n\t\t\t\t<div class=\"premium-blog-post-outer-container jazz\" data-total=\"2\">\n\t\t\t<div class=\"premium-blog-post-container premium-blog-skin-classic\">\n\t\t\t\t\t\t\t\t\t<div class=\"premium-blog-thumb-effect-wrapper\">\n\t\t\t\t\t\t<div class=\"premium-blog-thumbnail-container premium-blog-zoomin-effect\">\n\t\t\t\t\t\t\t<img loading=\"lazy\" decoding=\"async\" width=\"1024\" height=\"1024\" src=\"https:\/\/fernando-iezzi.com\/wp-content\/uploads\/2025\/05\/Jazz3-MU60.webp\" class=\"attachment-full size-full wp-image-4203\" alt=\"\" srcset=\"https:\/\/fernando-iezzi.com\/wp-content\/uploads\/2025\/05\/Jazz3-MU60.webp 1024w, https:\/\/fernando-iezzi.com\/wp-content\/uploads\/2025\/05\/Jazz3-MU60-300x300.webp 300w, https:\/\/fernando-iezzi.com\/wp-content\/uploads\/2025\/05\/Jazz3-MU60-150x150.webp 150w, https:\/\/fernando-iezzi.com\/wp-content\/uploads\/2025\/05\/Jazz3-MU60-768x768.webp 768w, https:\/\/fernando-iezzi.com\/wp-content\/uploads\/2025\/05\/Jazz3-MU60-12x12.webp 12w\" sizes=\"(max-width: 1024px) 100vw, 1024px\" \/>\t\t\t\t\t\t<\/div>\n\t\t\t\t\t\t\t\t\t\t\t\t\t<div class=\"premium-blog-thumbnail-overlay\">\n\t\t\t\t\t\t\t\t<a class=\"elementor-icon\" href=\"https:\/\/fernando-iezzi.com\/en\/jazz3\/\" target=\"_self\"><\/a>\n\t\t\t\t\t\t\t<\/div>\n\n\t\t\t\t\t\t\t\t\t\t\t\t\t\t\t\t\t\t<\/div>\n\t\t\t\t\t\t\t\t\t\t\t\t<div class=\"premium-blog-content-wrapper\">\n\n\t\t\t\t\t<div class=\"premium-blog-inner-container\">\n\n\t\t\t\t\t\t\t\t\t\t\t\t\t\t<h3 class=\"premium-blog-entry-title\">\n\t\t\t<a href=\"https:\/\/fernando-iezzi.com\/en\/jazz3\/\" target=\"_self\">\n\t\t\t\tJazz &#8211; Contrebasse\t\t\t<\/a>\n\t\t<\/h3>\n\t\t\t\t<div class=\"premium-blog-entry-meta\">\n\t\t\t\n\t\t\t\n\t\t\t\n\t\t\t\t\t<\/div>\n\t\t\n\t\t\t\t\t<\/div>\n\n\t\t\t\t\t\t\t\t\t\t\n\t\t\t\t<\/div>\n\t\t\t<\/div>\n\t\t<\/div>\n\n\t\t\t\t<div class=\"premium-blog-post-outer-container jazz\" data-total=\"2\">\n\t\t\t<div class=\"premium-blog-post-container premium-blog-skin-classic\">\n\t\t\t\t\t\t\t\t\t<div class=\"premium-blog-thumb-effect-wrapper\">\n\t\t\t\t\t\t<div class=\"premium-blog-thumbnail-container premium-blog-zoomin-effect\">\n\t\t\t\t\t\t\t<img loading=\"lazy\" decoding=\"async\" width=\"1024\" height=\"1024\" src=\"https:\/\/fernando-iezzi.com\/wp-content\/uploads\/2025\/05\/Jazz2-MU53.webp\" class=\"attachment-full size-full wp-image-4200\" alt=\"\" srcset=\"https:\/\/fernando-iezzi.com\/wp-content\/uploads\/2025\/05\/Jazz2-MU53.webp 1024w, https:\/\/fernando-iezzi.com\/wp-content\/uploads\/2025\/05\/Jazz2-MU53-300x300.webp 300w, https:\/\/fernando-iezzi.com\/wp-content\/uploads\/2025\/05\/Jazz2-MU53-150x150.webp 150w, https:\/\/fernando-iezzi.com\/wp-content\/uploads\/2025\/05\/Jazz2-MU53-768x768.webp 768w, https:\/\/fernando-iezzi.com\/wp-content\/uploads\/2025\/05\/Jazz2-MU53-12x12.webp 12w\" sizes=\"(max-width: 1024px) 100vw, 1024px\" \/>\t\t\t\t\t\t<\/div>\n\t\t\t\t\t\t\t\t\t\t\t\t\t<div class=\"premium-blog-thumbnail-overlay\">\n\t\t\t\t\t\t\t\t<a class=\"elementor-icon\" href=\"https:\/\/fernando-iezzi.com\/en\/jazz2\/\" target=\"_self\"><\/a>\n\t\t\t\t\t\t\t<\/div>\n\n\t\t\t\t\t\t\t\t\t\t\t\t\t\t\t\t\t\t<\/div>\n\t\t\t\t\t\t\t\t\t\t\t\t<div class=\"premium-blog-content-wrapper\">\n\n\t\t\t\t\t<div class=\"premium-blog-inner-container\">\n\n\t\t\t\t\t\t\t\t\t\t\t\t\t\t<h3 class=\"premium-blog-entry-title\">\n\t\t\t<a href=\"https:\/\/fernando-iezzi.com\/en\/jazz2\/\" target=\"_self\">\n\t\t\t\tJazz &#8211; trombone\t\t\t<\/a>\n\t\t<\/h3>\n\t\t\t\t<div class=\"premium-blog-entry-meta\">\n\t\t\t\n\t\t\t\n\t\t\t\n\t\t\t\t\t<\/div>\n\t\t\n\t\t\t\t\t<\/div>\n\n\t\t\t\t\t\t\t\t\t\t\n\t\t\t\t<\/div>\n\t\t\t<\/div>\n\t\t<\/div>\n\n\t\t\t\t\t\t\t<\/div>\n\n\t\t\n\t\t\n\t\t\t\t\t\t<\/div>\n\t\t\t\t<\/div>\n\t\t\t\t<\/div>\n\t\t\t\t<\/div>","protected":false},"excerpt":{"rendered":"<p>Morphovision : grands formats Tous Hurba Invitraux Jazz Serie 1 Invitraux &#8211; Spin doctors Invitraux &#8211; Toutes voiles dehors Gen\u00e8se : Big Bang Gen\u00e8se : Le KO Gen\u00e8se : Statu Quo Jazz : Batterie<\/p>","protected":false},"author":1,"featured_media":0,"parent":0,"menu_order":0,"comment_status":"closed","ping_status":"closed","template":"","meta":{"footnotes":""},"class_list":["post-3937","page","type-page","status-publish","hentry"],"_links":{"self":[{"href":"https:\/\/fernando-iezzi.com\/en\/wp-json\/wp\/v2\/pages\/3937","targetHints":{"allow":["GET"]}}],"collection":[{"href":"https:\/\/fernando-iezzi.com\/en\/wp-json\/wp\/v2\/pages"}],"about":[{"href":"https:\/\/fernando-iezzi.com\/en\/wp-json\/wp\/v2\/types\/page"}],"author":[{"embeddable":true,"href":"https:\/\/fernando-iezzi.com\/en\/wp-json\/wp\/v2\/users\/1"}],"replies":[{"embeddable":true,"href":"https:\/\/fernando-iezzi.com\/en\/wp-json\/wp\/v2\/comments?post=3937"}],"version-history":[{"count":31,"href":"https:\/\/fernando-iezzi.com\/en\/wp-json\/wp\/v2\/pages\/3937\/revisions"}],"predecessor-version":[{"id":4763,"href":"https:\/\/fernando-iezzi.com\/en\/wp-json\/wp\/v2\/pages\/3937\/revisions\/4763"}],"wp:attachment":[{"href":"https:\/\/fernando-iezzi.com\/en\/wp-json\/wp\/v2\/media?parent=3937"}],"curies":[{"name":"wp","href":"https:\/\/api.w.org\/{rel}","templated":true}]}}