{"id":3742,"date":"2025-03-31T13:07:27","date_gmt":"2025-03-31T11:07:27","guid":{"rendered":"https:\/\/fernando-iezzi.com\/?page_id=3742"},"modified":"2025-06-14T22:38:01","modified_gmt":"2025-06-14T20:38:01","slug":"biographie","status":"publish","type":"page","link":"https:\/\/fernando-iezzi.com\/en\/biographie\/","title":{"rendered":"Biographie"},"content":{"rendered":"<div data-elementor-type=\"wp-page\" data-elementor-id=\"3742\" class=\"elementor elementor-3742\">\n\t\t\t\t\t\t<section class=\"elementor-section elementor-top-section elementor-element elementor-element-a489be2 elementor-section-boxed elementor-section-height-default elementor-section-height-default\" data-id=\"a489be2\" data-element_type=\"section\" data-e-type=\"section\">\n\t\t\t\t\t\t<div class=\"elementor-container elementor-column-gap-default\">\n\t\t\t\t\t<div class=\"elementor-column elementor-col-100 elementor-top-column elementor-element elementor-element-cb1e394\" data-id=\"cb1e394\" data-element_type=\"column\" data-e-type=\"column\">\n\t\t\t<div class=\"elementor-widget-wrap elementor-element-populated\">\n\t\t\t\t\t\t<div class=\"elementor-element elementor-element-7a083cc elementor-widget elementor-widget-heading\" data-id=\"7a083cc\" data-element_type=\"widget\" data-e-type=\"widget\" data-widget_type=\"heading.default\">\n\t\t\t\t<div class=\"elementor-widget-container\">\n\t\t\t\t\t<h1 class=\"elementor-heading-title elementor-size-default\">Biographie<\/h1>\t\t\t\t<\/div>\n\t\t\t\t<\/div>\n\t\t\t\t\t<\/div>\n\t\t<\/div>\n\t\t\t\t\t<\/div>\n\t\t<\/section>\n\t\t\t\t<section class=\"elementor-section elementor-top-section elementor-element elementor-element-410d40c elementor-section-boxed elementor-section-height-default elementor-section-height-default\" data-id=\"410d40c\" data-element_type=\"section\" data-e-type=\"section\">\n\t\t\t\t\t\t<div class=\"elementor-container elementor-column-gap-default\">\n\t\t\t\t\t<div class=\"elementor-column elementor-col-100 elementor-top-column elementor-element elementor-element-9d523d0\" data-id=\"9d523d0\" data-element_type=\"column\" data-e-type=\"column\">\n\t\t\t<div class=\"elementor-widget-wrap elementor-element-populated\">\n\t\t\t\t\t\t<section class=\"elementor-section elementor-inner-section elementor-element elementor-element-a6ec6e2 elementor-section-boxed elementor-section-height-default elementor-section-height-default\" data-id=\"a6ec6e2\" data-element_type=\"section\" data-e-type=\"section\">\n\t\t\t\t\t\t<div class=\"elementor-container elementor-column-gap-default\">\n\t\t\t\t\t<div class=\"elementor-column elementor-col-50 elementor-inner-column elementor-element elementor-element-c86f448\" data-id=\"c86f448\" data-element_type=\"column\" data-e-type=\"column\">\n\t\t\t<div class=\"elementor-widget-wrap elementor-element-populated\">\n\t\t\t\t\t\t<div class=\"elementor-element elementor-element-acdbd6b elementor-widget elementor-widget-image\" data-id=\"acdbd6b\" data-element_type=\"widget\" data-e-type=\"widget\" data-widget_type=\"image.default\">\n\t\t\t\t<div class=\"elementor-widget-container\">\n\t\t\t\t\t\t\t\t\t\t\t\t\t\t\t<img fetchpriority=\"high\" decoding=\"async\" width=\"507\" height=\"380\" src=\"https:\/\/fernando-iezzi.com\/wp-content\/uploads\/2022\/05\/Tablo20.jpg\" class=\"attachment-large size-large wp-image-3186\" alt=\"Le premier grand format\" srcset=\"https:\/\/fernando-iezzi.com\/wp-content\/uploads\/2022\/05\/Tablo20.jpg 507w, https:\/\/fernando-iezzi.com\/wp-content\/uploads\/2022\/05\/Tablo20-300x225.jpg 300w\" sizes=\"(max-width: 507px) 100vw, 507px\" \/>\t\t\t\t\t\t\t\t\t\t\t\t\t\t\t<\/div>\n\t\t\t\t<\/div>\n\t\t\t\t\t<\/div>\n\t\t<\/div>\n\t\t\t\t<div class=\"elementor-column elementor-col-50 elementor-inner-column elementor-element elementor-element-9a4dad2\" data-id=\"9a4dad2\" data-element_type=\"column\" data-e-type=\"column\">\n\t\t\t<div class=\"elementor-widget-wrap elementor-element-populated\">\n\t\t\t\t\t\t<div class=\"elementor-element elementor-element-b6987ef elementor-widget elementor-widget-text-editor\" data-id=\"b6987ef\" data-element_type=\"widget\" data-e-type=\"widget\" data-widget_type=\"text-editor.default\">\n\t\t\t\t<div class=\"elementor-widget-container\">\n\t\t\t\t\t\t\t\t\t<p>Fernando IEZZI artiste peintre et musicien est n\u00e9 \u00e0 Bourges dans une famille italienne. Il s\u2019int\u00e9resse tr\u00e8s t\u00f4t au dessin et aux portraits. Daltonien et avec la conscience de ne pas ma\u00eetriser les couleurs il s\u2019adonne avec passion \u00e0 l\u2019art du graphisme et au noir et blanc. Viendront ensuite les techniques du dessin industriel et les travaux \u00e0 l\u2019encre de Chine \u00e0 la repr\u00e9sentation si pr\u00e9cise d\u2019objets en plusieurs dimensions.\u00a0\u00a0<\/p><p>C&rsquo;est \u00e0 l&rsquo;age de 30 ans que le v\u00e9ritable d\u00e9clic esth\u00e9tique se produit alors qu\u2019une jeune peintre s\u2019installe chez lui. Elle apporte toute l\u2019atmosph\u00e8re d\u2019un atelier d\u2019artiste, il la regarde travailler, elle l\u2019inspire, lui montre la voie et le r\u00e9v\u00e8le \u00e0 lui-m\u00eame. De cette p\u00e9riode de ferveur amoureuse et d\u2019antidote musicale est issue la s\u00e9rie des Jazzs.\u00a0\u00a0\u00a0<\/p><p>Une phase plus sombre s\u2019encha\u00eene apr\u00e8s leur \u00e9loignement qui se refl\u00e8te sur ses \u0153uvres et exprime peine et souffrance. Fernando IEZZI s\u2019\u00e9loigne peu \u00e0 peu des figures g\u00e9om\u00e9triques inspir\u00e9es du temps de sa passion pour arriver au figuratif tr\u00e8s stylis\u00e9. Ses s\u00e9ries racontent une histoire, une gen\u00e8se o\u00f9 chamanisme, visions du futur s\u2019imposent \u00e0 lui et qu\u2019il d\u00e9crit comme des ph\u00e9nom\u00e8nes \u00e9tourdissants.\u00a0\u00a0\u00a0<\/p><p>\u00a0Il devient p\u00e8re et prend rapidement conscience que cela n\u00e9cessite toute son attention. Son \u00e9nergie se mobilise alors tout enti\u00e8re pour accompagner au mieux son enfant. Il oublie qu\u2019il sait peindre et pense qu\u2019il n\u2019a plus rien \u00e0 exprimer. Sa fille aura un jour le geste magnifique de lui remettre en main ses bo\u00eetes d\u2019aquarelle comme une autorisation pleine de gratitude \u00e0 retrouver sa cr\u00e9ativit\u00e9.\u00a0\u00a0<\/p><p>Le Mexique et ses fabuleuses sculptures de grands oiseaux en bois aux couleurs vives finissent de r\u00e9veiller son inspiration et son d\u00e9sir de peindre, il r\u00e9alise alors une s\u00e9rie d\u2019aquarelles\u00a0: les oiseaux serpents.\u00a0\u00a0\u00a0<\/p><p>Fernando IEZZI est r\u00e9guli\u00e8rement expos\u00e9 dans des galeries d\u2019art, il alterne musique et peinture, collabore avec d\u2019autres artistes peintres, musiciens, \u00e9crivains.\u00a0<\/p><p>Les \u0153uvres disponibles ont \u00e9t\u00e9 \u00e9gar\u00e9es suite \u00e0 un d\u00e9m\u00e9nagement. Il a fallu la pers\u00e9v\u00e9rance d\u2019une \u00e9g\u00e9rie pour les retrouver et lui redonner le gout de la peinture. Apr\u00e8s une p\u00e9riode consacr\u00e9e \u00e0 la musique, il revient \u00e0 ses pinceaux et r\u00e9alise en \u0153uvre secondaire une s\u00e9rie d\u2019aquarelles de l\u2019ambassadeur pingouin et se projette dans la r\u00e9alisation de plusieurs s\u00e9ries de grands formats dont les graphismes sont aboutis.<\/p>\t\t\t\t\t\t\t\t<\/div>\n\t\t\t\t<\/div>\n\t\t\t\t\t<\/div>\n\t\t<\/div>\n\t\t\t\t\t<\/div>\n\t\t<\/section>\n\t\t\t\t\t<\/div>\n\t\t<\/div>\n\t\t\t\t\t<\/div>\n\t\t<\/section>\n\t\t\t\t<\/div>","protected":false},"excerpt":{"rendered":"<p>Biographie Fernando IEZZI artiste peintre et musicien est n\u00e9 \u00e0 Bourges dans une famille italienne. Il s\u2019int\u00e9resse tr\u00e8s t\u00f4t au dessin et aux portraits. Daltonien et avec la conscience de ne pas ma\u00eetriser les couleurs il s\u2019adonne avec passion \u00e0 l\u2019art du graphisme et au noir et blanc. Viendront ensuite les techniques du dessin industriel [&hellip;]<\/p>\n","protected":false},"author":1,"featured_media":0,"parent":0,"menu_order":0,"comment_status":"closed","ping_status":"closed","template":"","meta":{"footnotes":""},"class_list":["post-3742","page","type-page","status-publish","hentry"],"_links":{"self":[{"href":"https:\/\/fernando-iezzi.com\/en\/wp-json\/wp\/v2\/pages\/3742","targetHints":{"allow":["GET"]}}],"collection":[{"href":"https:\/\/fernando-iezzi.com\/en\/wp-json\/wp\/v2\/pages"}],"about":[{"href":"https:\/\/fernando-iezzi.com\/en\/wp-json\/wp\/v2\/types\/page"}],"author":[{"embeddable":true,"href":"https:\/\/fernando-iezzi.com\/en\/wp-json\/wp\/v2\/users\/1"}],"replies":[{"embeddable":true,"href":"https:\/\/fernando-iezzi.com\/en\/wp-json\/wp\/v2\/comments?post=3742"}],"version-history":[{"count":13,"href":"https:\/\/fernando-iezzi.com\/en\/wp-json\/wp\/v2\/pages\/3742\/revisions"}],"predecessor-version":[{"id":4954,"href":"https:\/\/fernando-iezzi.com\/en\/wp-json\/wp\/v2\/pages\/3742\/revisions\/4954"}],"wp:attachment":[{"href":"https:\/\/fernando-iezzi.com\/en\/wp-json\/wp\/v2\/media?parent=3742"}],"curies":[{"name":"wp","href":"https:\/\/api.w.org\/{rel}","templated":true}]}}